{"id":19,"date":"2019-01-14T13:26:24","date_gmt":"2019-01-14T12:26:24","guid":{"rendered":"http:\/\/www.lk-foto.at\/?page_id=19"},"modified":"2024-12-22T21:29:08","modified_gmt":"2024-12-22T20:29:08","slug":"vita","status":"publish","type":"page","link":"http:\/\/www.lk-foto.at\/en\/vita\/","title":{"rendered":"Vita"},"content":{"rendered":"\n<p><strong>Ludmilla Kemetm\u00fcller<\/strong><br>Lebt und arbeitet in Wien.<br>F\u00fcr mich steht der Mensch und sein Lebensumfeld im Mittelpunkt des Geschehens. Dieses Thema setzt sich auch in meinen fotografischen Arbeiten fort<\/p>\n\n\n\n<p>2018\/2019 Photobookstudies, AnzenbergerGallery, Wien mit Martin Parr, Kristin Dittrich, Gerry Badger u.a. <br>2018 Workshop 1000 Steidl Books &#8211; Kristin Dittrich Dresden <br>2017 Workshop Schreiben \u00fcber Fotografie &#8211; Prof. Klaus Honef Hamburg <br>2016\/17 Lehrgang f\u00fcr\u00a0 k\u00fcnstlerische Fotografie- Robert Johne Wien <br>2014 Curatoring Photography &#8211; Kristin Dittrich Wien<br>Mentoring Shift School Dresden Neue Schule f\u00fcr Fotografie in der Gegenwartskunst<br>Laufend k\u00fcntlerische Fotoarbeiten<br><br>Mitglied \u00c4rzte-Kunst-Verein \u00d6\u00c4KV (Kategorie K\u00fcnstlerische Fotografie)<br>Mitglied ORF Fotoclub  seit 1999 <br><\/p>\n","protected":false},"excerpt":{"rendered":"<p>Ludmilla Kemetm\u00fcllerLebt und arbeitet in Wien.F\u00fcr mich steht der Mensch und sein Lebensumfeld im Mittelpunkt des Geschehens. Dieses Thema setzt sich auch in meinen fotografischen Arbeiten fort 2018\/2019 Photobookstudies, AnzenbergerGallery, Wien mit Martin Parr, Kristin Dittrich, Gerry Badger u.a. 2018 Workshop 1000 Steidl Books &#8211; Kristin Dittrich Dresden 2017 Workshop [&hellip;]<\/p>\n","protected":false},"author":1,"featured_media":0,"parent":0,"menu_order":0,"comment_status":"closed","ping_status":"closed","template":"page-templates\/page_fullwidth.php","meta":{"footnotes":""},"translation":{"provider":"WPGlobus","version":"2.12.2","language":"en","enabled_languages":["de","en"],"languages":{"de":{"title":true,"content":true,"excerpt":false},"en":{"title":false,"content":false,"excerpt":false}}},"yoast_head":"<!-- This site is optimized with the Yoast SEO plugin v22.6 - https:\/\/yoast.com\/wordpress\/plugins\/seo\/ -->\n<title>Vita - Ludmilla Kemetm\u00fcller - Fotografie<\/title>\n<meta name=\"robots\" content=\"index, follow, max-snippet:-1, max-image-preview:large, max-video-preview:-1\" \/>\n<link rel=\"canonical\" href=\"http:\/\/www.lk-foto.at\/vita\/\" \/>\n<meta property=\"og:locale\" content=\"en_US\" \/>\n<meta property=\"og:type\" content=\"article\" \/>\n<meta property=\"og:title\" content=\"Vita - Ludmilla Kemetm\u00fcller - Fotografie\" \/>\n<meta property=\"og:url\" content=\"http:\/\/www.lk-foto.at\/vita\/\" \/>\n<meta property=\"og:site_name\" content=\"Ludmilla Kemetm\u00fcller - Fotografie\" \/>\n<meta property=\"article:modified_time\" content=\"2024-12-22T20:29:08+00:00\" \/>\n<meta name=\"twitter:card\" content=\"summary_large_image\" \/>\n<meta name=\"twitter:label1\" content=\"Est. reading time\" \/>\n\t<meta name=\"twitter:data1\" content=\"1 minute\" \/>\n<script type=\"application\/ld+json\" class=\"yoast-schema-graph\">{\"@context\":\"https:\/\/schema.org\",\"@graph\":[{\"@type\":\"WebPage\",\"@id\":\"http:\/\/www.lk-foto.at\/vita\/\",\"url\":\"http:\/\/www.lk-foto.at\/vita\/\",\"name\":\"Vita - Ludmilla Kemetm\u00fcller - Fotografie\",\"isPartOf\":{\"@id\":\"http:\/\/www.lk-foto.at\/#website\"},\"datePublished\":\"2019-01-14T12:26:24+00:00\",\"dateModified\":\"2024-12-22T20:29:08+00:00\",\"breadcrumb\":{\"@id\":\"http:\/\/www.lk-foto.at\/vita\/#breadcrumb\"},\"inLanguage\":\"en-US\",\"potentialAction\":[{\"@type\":\"ReadAction\",\"target\":[\"http:\/\/www.lk-foto.at\/vita\/\"]}]},{\"@type\":\"BreadcrumbList\",\"@id\":\"http:\/\/www.lk-foto.at\/vita\/#breadcrumb\",\"itemListElement\":[{\"@type\":\"ListItem\",\"position\":1,\"name\":\"Startseite\",\"item\":\"http:\/\/www.lk-foto.at\/\"},{\"@type\":\"ListItem\",\"position\":2,\"name\":\"Vita\"}]},{\"@type\":\"WebSite\",\"@id\":\"http:\/\/www.lk-foto.at\/#website\",\"url\":\"http:\/\/www.lk-foto.at\/\",\"name\":\"Ludmilla Kemetm\u00fcller - Fotografie\",\"description\":\"\",\"publisher\":{\"@id\":\"http:\/\/www.lk-foto.at\/#\/schema\/person\/07856896f6e118bd417c8f15bf3fac2a\"},\"potentialAction\":[{\"@type\":\"SearchAction\",\"target\":{\"@type\":\"EntryPoint\",\"urlTemplate\":\"http:\/\/www.lk-foto.at\/?s={search_term_string}\"},\"query-input\":\"required name=search_term_string\"}],\"inLanguage\":\"en-US\"},{\"@type\":[\"Person\",\"Organization\"],\"@id\":\"http:\/\/www.lk-foto.at\/#\/schema\/person\/07856896f6e118bd417c8f15bf3fac2a\",\"name\":\"Ludmilla Kemetmueller\",\"logo\":{\"@id\":\"http:\/\/www.lk-foto.at\/#\/schema\/person\/image\/\"}}]}<\/script>\n<!-- \/ Yoast SEO plugin. -->","yoast_head_json":{"title":"Vita - Ludmilla Kemetm\u00fcller - Fotografie","robots":{"index":"index","follow":"follow","max-snippet":"max-snippet:-1","max-image-preview":"max-image-preview:large","max-video-preview":"max-video-preview:-1"},"canonical":"http:\/\/www.lk-foto.at\/vita\/","og_locale":"en_US","og_type":"article","og_title":"Vita - Ludmilla Kemetm\u00fcller - Fotografie","og_url":"http:\/\/www.lk-foto.at\/vita\/","og_site_name":"Ludmilla Kemetm\u00fcller - Fotografie","article_modified_time":"2024-12-22T20:29:08+00:00","twitter_card":"summary_large_image","twitter_misc":{"Est. reading time":"1 minute"},"schema":{"@context":"https:\/\/schema.org","@graph":[{"@type":"WebPage","@id":"http:\/\/www.lk-foto.at\/vita\/","url":"http:\/\/www.lk-foto.at\/vita\/","name":"Vita - Ludmilla Kemetm\u00fcller - Fotografie","isPartOf":{"@id":"http:\/\/www.lk-foto.at\/#website"},"datePublished":"2019-01-14T12:26:24+00:00","dateModified":"2024-12-22T20:29:08+00:00","breadcrumb":{"@id":"http:\/\/www.lk-foto.at\/vita\/#breadcrumb"},"inLanguage":"en-US","potentialAction":[{"@type":"ReadAction","target":["http:\/\/www.lk-foto.at\/vita\/"]}]},{"@type":"BreadcrumbList","@id":"http:\/\/www.lk-foto.at\/vita\/#breadcrumb","itemListElement":[{"@type":"ListItem","position":1,"name":"Startseite","item":"http:\/\/www.lk-foto.at\/"},{"@type":"ListItem","position":2,"name":"Vita"}]},{"@type":"WebSite","@id":"http:\/\/www.lk-foto.at\/#website","url":"http:\/\/www.lk-foto.at\/","name":"Ludmilla Kemetm\u00fcller - Fotografie","description":"","publisher":{"@id":"http:\/\/www.lk-foto.at\/#\/schema\/person\/07856896f6e118bd417c8f15bf3fac2a"},"potentialAction":[{"@type":"SearchAction","target":{"@type":"EntryPoint","urlTemplate":"http:\/\/www.lk-foto.at\/?s={search_term_string}"},"query-input":"required name=search_term_string"}],"inLanguage":"en-US"},{"@type":["Person","Organization"],"@id":"http:\/\/www.lk-foto.at\/#\/schema\/person\/07856896f6e118bd417c8f15bf3fac2a","name":"Ludmilla Kemetmueller","logo":{"@id":"http:\/\/www.lk-foto.at\/#\/schema\/person\/image\/"}}]}},"_links":{"self":[{"href":"http:\/\/www.lk-foto.at\/en\/wp-json\/wp\/v2\/pages\/19"}],"collection":[{"href":"http:\/\/www.lk-foto.at\/en\/wp-json\/wp\/v2\/pages"}],"about":[{"href":"http:\/\/www.lk-foto.at\/en\/wp-json\/wp\/v2\/types\/page"}],"author":[{"embeddable":true,"href":"http:\/\/www.lk-foto.at\/en\/wp-json\/wp\/v2\/users\/1"}],"replies":[{"embeddable":true,"href":"http:\/\/www.lk-foto.at\/en\/wp-json\/wp\/v2\/comments?post=19"}],"version-history":[{"count":1,"href":"http:\/\/www.lk-foto.at\/en\/wp-json\/wp\/v2\/pages\/19\/revisions"}],"predecessor-version":[{"id":1237,"href":"http:\/\/www.lk-foto.at\/en\/wp-json\/wp\/v2\/pages\/19\/revisions\/1237"}],"wp:attachment":[{"href":"http:\/\/www.lk-foto.at\/en\/wp-json\/wp\/v2\/media?parent=19"}],"curies":[{"name":"wp","href":"https:\/\/api.w.org\/{rel}","templated":true}]}}