{"id":15,"date":"2019-01-14T13:25:25","date_gmt":"2019-01-14T12:25:25","guid":{"rendered":"http:\/\/www.lk-foto.at\/?page_id=15"},"modified":"2022-01-15T13:24:18","modified_gmt":"2022-01-15T12:24:18","slug":"projekte","status":"publish","type":"page","link":"http:\/\/www.lk-foto.at\/en\/projekte\/","title":{"rendered":"Projekte"},"content":{"rendered":"\n<div style=\"height:20px\" aria-hidden=\"true\" class=\"wp-block-spacer\"><\/div>\n\n\n\n<h2 class=\"has-text-align-center wp-block-heading\">Projekte<\/h2>\n\n\n\n<div style=\"height:50px\" aria-hidden=\"true\" class=\"wp-block-spacer\"><\/div>\n\n\n\n<div class=\"wp-block-columns has-2-columns container_schmal is-layout-flex wp-container-3 wp-block-columns-is-layout-flex\">\n<div class=\"wp-block-column is-layout-flow wp-block-column-is-layout-flow\">\n<h4 class=\"has-text-align-right wp-block-heading\">K\u00fcnstlerinnen Buch<br>Es ist, was es ist &#8211; Die Reise in die Vergesslichkeit<\/h4>\n<\/div>\n\n\n\n<div class=\"wp-block-column is-layout-flow wp-block-column-is-layout-flow\">\n<h5 class=\"has-text-align-left has-cyan-bluish-gray-color has-text-color wp-block-heading\" id=\"gmail-cc-m-header-17878384925\">Ein Fotobuch zur Krankheit  DEMENZ  <br>Deutsch, Englisch, Slowakisch und Ungarisch<br>Fotoprint inbegriffen <\/h5>\n\n\n\n<p class=\"has-text-align-right unterstrichen\"><strong><a href=\"https:\/\/anzenbergergallery-bookshop.com\/book\/2441\/it_is_what_it_is_(book_+_print)-ludmilla_kemetmueller\" target=\"_blank\" rel=\"noreferrer noopener\" aria-label=\"anzenbergergallery-bookshop (\u00f6ffnet in neuem Tab)\">anzenbergergallery-bookshop<\/a><\/strong><\/p>\n<\/div>\n<\/div>\n\n\n\n<hr class=\"wp-block-separator has-text-color has-background is-style-dots\" style=\"background-color:#999999;color:#999999\"\/>\n\n\n\n<div class=\"wp-block-columns alignwide has-2-columns container_schmal is-layout-flex wp-container-6 wp-block-columns-is-layout-flex\">\n<div class=\"wp-block-column is-layout-flow wp-block-column-is-layout-flow\">\n<p class=\"has-text-align-right\" style=\"font-size:26px\"><strong>2020 HALLO ERDE<\/strong><\/p>\n\n\n\n<p class=\"has-text-align-right\">Gemeinschaftsausstellung <span class=\"unterstrichen\"><a rel=\"noreferrer noopener\" aria-label=\"\u00c4rztekunstverein (\u00f6ffnet in neuem Tab)\" href=\"https:\/\/www.aerztekunstverein.at\" target=\"_blank\">\u00c4rztekunstverein<\/a><\/span><\/p>\n<\/div>\n\n\n\n<div class=\"wp-block-column is-layout-flow wp-block-column-is-layout-flow\">\n<figure class=\"wp-block-image\"><a href=\"http:\/\/www.lk-foto.at\/wp-content\/uploads\/72-Einladung.jpg\" target=\"_blank\" rel=\"noreferrer noopener\" data-rel=\"lightbox-image-0\" data-rl_title=\"\" data-rl_caption=\"\" title=\"\"><img decoding=\"async\" loading=\"lazy\" width=\"1527\" height=\"1080\" src=\"http:\/\/www.lk-foto.at\/wp-content\/uploads\/72-Einladung-1527x1080.jpg\" alt=\"\" class=\"wp-image-810\" srcset=\"http:\/\/www.lk-foto.at\/wp-content\/uploads\/72-Einladung-1527x1080.jpg 1527w, http:\/\/www.lk-foto.at\/wp-content\/uploads\/72-Einladung-250x177.jpg 250w, http:\/\/www.lk-foto.at\/wp-content\/uploads\/72-Einladung-600x425.jpg 600w, http:\/\/www.lk-foto.at\/wp-content\/uploads\/72-Einladung-768x543.jpg 768w, http:\/\/www.lk-foto.at\/wp-content\/uploads\/72-Einladung-830x587.jpg 830w, http:\/\/www.lk-foto.at\/wp-content\/uploads\/72-Einladung-230x163.jpg 230w, http:\/\/www.lk-foto.at\/wp-content\/uploads\/72-Einladung-350x248.jpg 350w, http:\/\/www.lk-foto.at\/wp-content\/uploads\/72-Einladung-480x340.jpg 480w, http:\/\/www.lk-foto.at\/wp-content\/uploads\/72-Einladung.jpg 2000w\" sizes=\"(max-width: 1527px) 100vw, 1527px\" \/><\/a><figcaption> zum Vergr\u00f6\u00dfern bitte anklicken  <\/figcaption><\/figure>\n<\/div>\n<\/div>\n\n\n\n<hr class=\"wp-block-separator has-text-color has-background is-style-dots\" style=\"background-color:#999999;color:#999999\"\/>\n\n\n\n<div class=\"wp-block-columns alignwide has-2-columns container_schmal is-layout-flex wp-container-9 wp-block-columns-is-layout-flex\">\n<div class=\"wp-block-column is-layout-flow wp-block-column-is-layout-flow\">\n<p class=\"has-text-align-left has-text-align-right\" style=\"font-size:26px\"><strong>2020 Buch Pr\u00e4sentation<\/strong><\/p>\n\n\n\n<p class=\"has-text-align-right\" style=\"font-size:19px\">it is what it is  &#8211; the journey into dementia<\/p>\n\n\n\n<p class=\"has-text-align-right has-small-font-size\">Deutsch, Englisch, Slowakisch und Ungarisch  Erh\u00e4ltich im: <\/p>\n\n\n\n<p class=\"has-text-align-right unterstrichen\"><strong><a rel=\"noreferrer noopener\" aria-label=\"anzenbergergallery-bookshop (\u00f6ffnet in neuem Tab)\" href=\"https:\/\/anzenbergergallery-bookshop.com\/book\/2441\/it_is_what_it_is_(book_+_print)-ludmilla_kemetmueller\" target=\"_blank\">anzenbergergallery-bookshop<\/a><\/strong><\/p>\n<\/div>\n\n\n\n<div class=\"wp-block-column is-layout-flow wp-block-column-is-layout-flow\">\n<figure class=\"wp-block-image\"><a href=\"http:\/\/www.lk-foto.at\/wp-content\/uploads\/Buchpr\u00e4sentation_2021.jpg\" target=\"_blank\" rel=\"noreferrer noopener\" data-rel=\"lightbox-image-1\" data-rl_title=\"\" data-rl_caption=\"\" title=\"\"><img decoding=\"async\" loading=\"lazy\" width=\"812\" height=\"503\" src=\"http:\/\/www.lk-foto.at\/wp-content\/uploads\/Buch.jpg\" alt=\"\" class=\"wp-image-839\" srcset=\"http:\/\/www.lk-foto.at\/wp-content\/uploads\/Buch.jpg 812w, http:\/\/www.lk-foto.at\/wp-content\/uploads\/Buch-250x155.jpg 250w, http:\/\/www.lk-foto.at\/wp-content\/uploads\/Buch-600x372.jpg 600w, http:\/\/www.lk-foto.at\/wp-content\/uploads\/Buch-768x476.jpg 768w, http:\/\/www.lk-foto.at\/wp-content\/uploads\/Buch-230x142.jpg 230w, http:\/\/www.lk-foto.at\/wp-content\/uploads\/Buch-350x217.jpg 350w, http:\/\/www.lk-foto.at\/wp-content\/uploads\/Buch-480x297.jpg 480w\" sizes=\"(max-width: 812px) 100vw, 812px\" \/><\/a><figcaption> zum Vergr\u00f6\u00dfern bitte anklicken<\/figcaption><\/figure>\n\n\n\n<p><\/p>\n<\/div>\n<\/div>\n\n\n\n<hr class=\"wp-block-separator has-text-color has-background is-style-dots\" style=\"background-color:#999999;color:#999999\"\/>\n\n\n\n<div class=\"wp-block-columns is-layout-flex wp-container-14 wp-block-columns-is-layout-flex\">\n<div class=\"wp-block-column is-layout-flow wp-block-column-is-layout-flow\" style=\"flex-basis:100%\">\n<div class=\"wp-block-columns has-2-columns container_schmal is-layout-flex wp-container-12 wp-block-columns-is-layout-flex\">\n<div class=\"wp-block-column is-vertically-aligned-top is-layout-flow wp-block-column-is-layout-flow\">\n<p class=\"has-text-align-right\" style=\"font-size:26px\"> <strong>2020 Tschernobyl<\/strong><br>Kurzvideo \u201egrenzenlos\u201c<\/p>\n<\/div>\n\n\n\n<div class=\"wp-block-column is-vertically-aligned-top is-layout-flow wp-block-column-is-layout-flow\">\n<div class=\"wp-block-image\"><figure class=\"alignleft is-resized\"><a href=\"http:\/\/www.lk-foto.at\/video1\/\"><img decoding=\"async\" loading=\"lazy\" src=\"http:\/\/www.lk-foto.at\/wp-content\/uploads\/tschernobyl.jpg\" alt=\"\" class=\"wp-image-281\" width=\"300\" height=\"207\" srcset=\"http:\/\/www.lk-foto.at\/wp-content\/uploads\/tschernobyl.jpg 600w, http:\/\/www.lk-foto.at\/wp-content\/uploads\/tschernobyl-150x103.jpg 150w, http:\/\/www.lk-foto.at\/wp-content\/uploads\/tschernobyl-230x158.jpg 230w, http:\/\/www.lk-foto.at\/wp-content\/uploads\/tschernobyl-350x241.jpg 350w, http:\/\/www.lk-foto.at\/wp-content\/uploads\/tschernobyl-480x330.jpg 480w\" sizes=\"(max-width: 300px) 100vw, 300px\" \/><\/a><figcaption>bitte anklicken<\/figcaption><\/figure><\/div>\n<\/div>\n<\/div>\n<\/div>\n<\/div>\n\n\n\n<hr class=\"wp-block-separator has-text-color has-background is-style-dots\" style=\"background-color:#999999;color:#999999\"\/>\n\n\n\n<div class=\"wp-block-columns alignwide has-2-columns container_schmal is-layout-flex wp-container-17 wp-block-columns-is-layout-flex\">\n<div class=\"wp-block-column is-layout-flow wp-block-column-is-layout-flow\">\n<p class=\"has-text-align-left has-text-align-right\" style=\"font-size:26px\"><strong>2019 Ausstellung Wasser<\/strong><\/p>\n<\/div>\n\n\n\n<div class=\"wp-block-column is-layout-flow wp-block-column-is-layout-flow\">\n<div class=\"wp-block-image\"><figure class=\"alignleft\"><a href=\"http:\/\/www.lk-foto.at\/wp-content\/uploads\/Ausstellung_Wasser_2019.jpg\" data-rel=\"lightbox-image-2\" data-rl_title=\"\" data-rl_caption=\"\" title=\"\"><img decoding=\"async\" loading=\"lazy\" width=\"569\" height=\"600\" src=\"http:\/\/www.lk-foto.at\/wp-content\/uploads\/Ausstellung_Wasser_2019-569x600.jpg\" alt=\"\" class=\"wp-image-706\" srcset=\"http:\/\/www.lk-foto.at\/wp-content\/uploads\/Ausstellung_Wasser_2019-569x600.jpg 569w, http:\/\/www.lk-foto.at\/wp-content\/uploads\/Ausstellung_Wasser_2019-237x250.jpg 237w, http:\/\/www.lk-foto.at\/wp-content\/uploads\/Ausstellung_Wasser_2019-768x810.jpg 768w, http:\/\/www.lk-foto.at\/wp-content\/uploads\/Ausstellung_Wasser_2019-830x875.jpg 830w, http:\/\/www.lk-foto.at\/wp-content\/uploads\/Ausstellung_Wasser_2019-230x243.jpg 230w, http:\/\/www.lk-foto.at\/wp-content\/uploads\/Ausstellung_Wasser_2019-350x369.jpg 350w, http:\/\/www.lk-foto.at\/wp-content\/uploads\/Ausstellung_Wasser_2019-480x506.jpg 480w, http:\/\/www.lk-foto.at\/wp-content\/uploads\/Ausstellung_Wasser_2019.jpg 900w\" sizes=\"(max-width: 569px) 100vw, 569px\" \/><\/a><figcaption>zum Vergr\u00f6\u00dfern bitte anklicken<\/figcaption><\/figure><\/div>\n<\/div>\n<\/div>\n\n\n\n<hr class=\"wp-block-separator has-text-color has-background is-style-dots\" style=\"background-color:#999999;color:#999999\"\/>\n\n\n\n<div class=\"wp-block-columns alignwide has-2-columns container_schmal is-layout-flex wp-container-20 wp-block-columns-is-layout-flex\">\n<div class=\"wp-block-column is-layout-flow wp-block-column-is-layout-flow\">\n<p class=\"has-text-align-left has-text-align-right\" style=\"font-size:26px\"><strong>2019 Fotoausstellung<\/strong><br>Leben mit Demenz<br><\/p>\n<\/div>\n\n\n\n<div class=\"wp-block-column is-layout-flow wp-block-column-is-layout-flow\">\n<figure class=\"wp-block-image\"><a href=\"http:\/\/www.lk-foto.at\/wp-content\/uploads\/Fotoausstellung_Leben-mit-Demenz_2019.jpg\" data-rel=\"lightbox-image-3\" data-rl_title=\"\" data-rl_caption=\"\" title=\"\"><img decoding=\"async\" loading=\"lazy\" width=\"450\" height=\"600\" src=\"http:\/\/www.lk-foto.at\/wp-content\/uploads\/Fotoausstellung_Leben-mit-Demenz_2019-450x600.jpg\" alt=\"\" class=\"wp-image-692\" srcset=\"http:\/\/www.lk-foto.at\/wp-content\/uploads\/Fotoausstellung_Leben-mit-Demenz_2019-450x600.jpg 450w, http:\/\/www.lk-foto.at\/wp-content\/uploads\/Fotoausstellung_Leben-mit-Demenz_2019-188x250.jpg 188w, http:\/\/www.lk-foto.at\/wp-content\/uploads\/Fotoausstellung_Leben-mit-Demenz_2019-768x1023.jpg 768w, http:\/\/www.lk-foto.at\/wp-content\/uploads\/Fotoausstellung_Leben-mit-Demenz_2019-810x1080.jpg 810w, http:\/\/www.lk-foto.at\/wp-content\/uploads\/Fotoausstellung_Leben-mit-Demenz_2019-830x1106.jpg 830w, http:\/\/www.lk-foto.at\/wp-content\/uploads\/Fotoausstellung_Leben-mit-Demenz_2019-230x307.jpg 230w, http:\/\/www.lk-foto.at\/wp-content\/uploads\/Fotoausstellung_Leben-mit-Demenz_2019-350x466.jpg 350w, http:\/\/www.lk-foto.at\/wp-content\/uploads\/Fotoausstellung_Leben-mit-Demenz_2019-480x640.jpg 480w, http:\/\/www.lk-foto.at\/wp-content\/uploads\/Fotoausstellung_Leben-mit-Demenz_2019.jpg 1500w\" sizes=\"(max-width: 450px) 100vw, 450px\" \/><\/a><\/figure>\n<\/div>\n<\/div>\n\n\n\n<hr class=\"wp-block-separator has-text-color has-background is-style-dots\" style=\"background-color:#999999;color:#999999\"\/>\n\n\n\n<div class=\"wp-block-columns alignwide has-2-columns container_schmal is-layout-flex wp-container-23 wp-block-columns-is-layout-flex\">\n<div class=\"wp-block-column is-layout-flow wp-block-column-is-layout-flow\">\n<p class=\"has-text-align-right\" style=\"font-size:26px\"><strong>2016 Fotoausstellung<\/strong><br>Lebensfarben<br><\/p>\n<\/div>\n\n\n\n<div class=\"wp-block-column is-layout-flow wp-block-column-is-layout-flow\">\n<div class=\"wp-block-image\"><figure class=\"alignleft is-resized\"><a href=\"http:\/\/www.lk-foto.at\/wp-content\/uploads\/vernissage_2016.jpg\" data-rel=\"lightbox-image-4\" data-rl_title=\"\" data-rl_caption=\"\" title=\"\"><img decoding=\"async\" loading=\"lazy\" src=\"http:\/\/www.lk-foto.at\/wp-content\/uploads\/vernissage_2016-424x600.jpg\" alt=\"\" class=\"wp-image-153\" width=\"180\" height=\"255\" srcset=\"http:\/\/www.lk-foto.at\/wp-content\/uploads\/vernissage_2016-424x600.jpg 424w, http:\/\/www.lk-foto.at\/wp-content\/uploads\/vernissage_2016-768x1087.jpg 768w, http:\/\/www.lk-foto.at\/wp-content\/uploads\/vernissage_2016-763x1080.jpg 763w, http:\/\/www.lk-foto.at\/wp-content\/uploads\/vernissage_2016-830x1175.jpg 830w, http:\/\/www.lk-foto.at\/wp-content\/uploads\/vernissage_2016-230x326.jpg 230w, http:\/\/www.lk-foto.at\/wp-content\/uploads\/vernissage_2016-350x495.jpg 350w, http:\/\/www.lk-foto.at\/wp-content\/uploads\/vernissage_2016-480x679.jpg 480w, http:\/\/www.lk-foto.at\/wp-content\/uploads\/vernissage_2016.jpg 1502w\" sizes=\"(max-width: 180px) 100vw, 180px\" \/><\/a><figcaption>zum Vergr\u00f6\u00dfern bitte anklicken<\/figcaption><\/figure><\/div>\n<\/div>\n<\/div>\n\n\n\n<hr class=\"wp-block-separator has-text-color has-background is-style-dots\" style=\"background-color:#999999;color:#999999\"\/>\n\n\n\n<div class=\"wp-block-columns has-2-columns container_schmal is-layout-flex wp-container-26 wp-block-columns-is-layout-flex\">\n<div class=\"wp-block-column is-layout-flow wp-block-column-is-layout-flow\">\n<p class=\"has-text-align-right\" style=\"font-size:26px\"> <strong>2016 Fotofestival<\/strong> <br>ARLES, S\u00fcdfrankreich<br>Kurzvideo zu nine-eleven<\/p>\n<\/div>\n\n\n\n<div class=\"wp-block-column is-layout-flow wp-block-column-is-layout-flow\">\n<div class=\"wp-block-image\"><figure class=\"alignleft is-resized\"><a href=\"http:\/\/www.lk-foto.at\/video2\/ \"><img decoding=\"async\" loading=\"lazy\" src=\"http:\/\/www.lk-foto.at\/wp-content\/uploads\/arles2016.jpg\" alt=\"\" class=\"wp-image-468\" width=\"300\" height=\"197\" srcset=\"http:\/\/www.lk-foto.at\/wp-content\/uploads\/arles2016.jpg 600w, http:\/\/www.lk-foto.at\/wp-content\/uploads\/arles2016-250x164.jpg 250w, http:\/\/www.lk-foto.at\/wp-content\/uploads\/arles2016-230x151.jpg 230w, http:\/\/www.lk-foto.at\/wp-content\/uploads\/arles2016-350x229.jpg 350w, http:\/\/www.lk-foto.at\/wp-content\/uploads\/arles2016-480x314.jpg 480w\" sizes=\"(max-width: 300px) 100vw, 300px\" \/><\/a><figcaption>bitte anklicken<\/figcaption><\/figure><\/div>\n<\/div>\n<\/div>\n\n\n\n<hr class=\"wp-block-separator has-text-color has-background is-style-dots\" style=\"background-color:#999999;color:#999999\"\/>\n\n\n\n<div class=\"wp-block-columns alignwide has-2-columns container_schmal is-layout-flex wp-container-29 wp-block-columns-is-layout-flex\">\n<div class=\"wp-block-column is-layout-flow wp-block-column-is-layout-flow\">\n<p class=\"has-text-align-right\" style=\"font-size:26px\"><strong>2014 Fotoausstellung<\/strong><br>Wien &#8211; Bratislava<br>Zwei Hauptst\u00e4dte im Spiegel<\/p>\n<\/div>\n\n\n\n<div class=\"wp-block-column is-layout-flow wp-block-column-is-layout-flow\">\n<div class=\"wp-block-image\"><figure class=\"alignleft is-resized\"><a href=\"http:\/\/www.lk-foto.at\/wp-content\/uploads\/vernissage_2014.jpg\" data-rel=\"lightbox-image-5\" data-rl_title=\"\" data-rl_caption=\"\" title=\"\"><img decoding=\"async\" loading=\"lazy\" src=\"http:\/\/www.lk-foto.at\/wp-content\/uploads\/vernissage_2014.jpg\" alt=\"\" class=\"wp-image-152\" width=\"209\" height=\"209\" srcset=\"http:\/\/www.lk-foto.at\/wp-content\/uploads\/vernissage_2014.jpg 835w, http:\/\/www.lk-foto.at\/wp-content\/uploads\/vernissage_2014-150x150.jpg 150w, http:\/\/www.lk-foto.at\/wp-content\/uploads\/vernissage_2014-600x600.jpg 600w, http:\/\/www.lk-foto.at\/wp-content\/uploads\/vernissage_2014-768x770.jpg 768w, http:\/\/www.lk-foto.at\/wp-content\/uploads\/vernissage_2014-830x832.jpg 830w, http:\/\/www.lk-foto.at\/wp-content\/uploads\/vernissage_2014-230x231.jpg 230w, http:\/\/www.lk-foto.at\/wp-content\/uploads\/vernissage_2014-350x351.jpg 350w, http:\/\/www.lk-foto.at\/wp-content\/uploads\/vernissage_2014-480x481.jpg 480w\" sizes=\"(max-width: 209px) 100vw, 209px\" \/><\/a><figcaption>zum Vergr\u00f6\u00dfern bitte anklicken<\/figcaption><\/figure><\/div>\n\n\n\n<p><\/p>\n<\/div>\n<\/div>\n","protected":false},"excerpt":{"rendered":"<p>Projekte K\u00fcnstlerinnen BuchEs ist, was es ist &#8211; Die Reise in die Vergesslichkeit Ein Fotobuch zur Krankheit DEMENZ Deutsch, Englisch, Slowakisch und UngarischFotoprint inbegriffen anzenbergergallery-bookshop 2020 HALLO ERDE Gemeinschaftsausstellung \u00c4rztekunstverein 2020 Buch Pr\u00e4sentation it is what it is &#8211; the journey into dementia Deutsch, Englisch, Slowakisch und Ungarisch Erh\u00e4ltich im: [&hellip;]<\/p>\n","protected":false},"author":1,"featured_media":0,"parent":0,"menu_order":0,"comment_status":"closed","ping_status":"closed","template":"page-templates\/page_front-page.php","meta":{"footnotes":""},"translation":{"provider":"WPGlobus","version":"2.12.2","language":"en","enabled_languages":["de","en"],"languages":{"de":{"title":true,"content":true,"excerpt":false},"en":{"title":false,"content":false,"excerpt":false}}},"yoast_head":"<!-- This site is optimized with the Yoast SEO plugin v22.6 - https:\/\/yoast.com\/wordpress\/plugins\/seo\/ -->\n<title>Projekte - Ludmilla Kemetm\u00fcller - Fotografie<\/title>\n<meta name=\"robots\" content=\"index, follow, max-snippet:-1, max-image-preview:large, max-video-preview:-1\" \/>\n<link rel=\"canonical\" href=\"http:\/\/www.lk-foto.at\/projekte\/\" \/>\n<meta property=\"og:locale\" content=\"en_US\" \/>\n<meta property=\"og:type\" content=\"article\" \/>\n<meta property=\"og:title\" content=\"Projekte - Ludmilla Kemetm\u00fcller - Fotografie\" \/>\n<meta property=\"og:url\" content=\"http:\/\/www.lk-foto.at\/projekte\/\" \/>\n<meta property=\"og:site_name\" content=\"Ludmilla Kemetm\u00fcller - Fotografie\" \/>\n<meta property=\"article:modified_time\" content=\"2022-01-15T12:24:18+00:00\" \/>\n<meta property=\"og:image\" content=\"http:\/\/www.lk-foto.at\/wp-content\/uploads\/72-Einladung-1527x1080.jpg\" \/>\n<meta name=\"twitter:card\" content=\"summary_large_image\" \/>\n<meta name=\"twitter:label1\" content=\"Est. reading time\" \/>\n\t<meta name=\"twitter:data1\" content=\"3 minutes\" \/>\n<script type=\"application\/ld+json\" class=\"yoast-schema-graph\">{\"@context\":\"https:\/\/schema.org\",\"@graph\":[{\"@type\":\"WebPage\",\"@id\":\"http:\/\/www.lk-foto.at\/projekte\/\",\"url\":\"http:\/\/www.lk-foto.at\/projekte\/\",\"name\":\"Projekte - Ludmilla Kemetm\u00fcller - Fotografie\",\"isPartOf\":{\"@id\":\"http:\/\/www.lk-foto.at\/#website\"},\"primaryImageOfPage\":{\"@id\":\"http:\/\/www.lk-foto.at\/projekte\/#primaryimage\"},\"image\":{\"@id\":\"http:\/\/www.lk-foto.at\/projekte\/#primaryimage\"},\"thumbnailUrl\":\"http:\/\/www.lk-foto.at\/wp-content\/uploads\/72-Einladung-1527x1080.jpg\",\"datePublished\":\"2019-01-14T12:25:25+00:00\",\"dateModified\":\"2022-01-15T12:24:18+00:00\",\"breadcrumb\":{\"@id\":\"http:\/\/www.lk-foto.at\/projekte\/#breadcrumb\"},\"inLanguage\":\"en-US\",\"potentialAction\":[{\"@type\":\"ReadAction\",\"target\":[\"http:\/\/www.lk-foto.at\/projekte\/\"]}]},{\"@type\":\"ImageObject\",\"inLanguage\":\"en-US\",\"@id\":\"http:\/\/www.lk-foto.at\/projekte\/#primaryimage\",\"url\":\"http:\/\/www.lk-foto.at\/wp-content\/uploads\/72-Einladung-1527x1080.jpg\",\"contentUrl\":\"http:\/\/www.lk-foto.at\/wp-content\/uploads\/72-Einladung-1527x1080.jpg\"},{\"@type\":\"BreadcrumbList\",\"@id\":\"http:\/\/www.lk-foto.at\/projekte\/#breadcrumb\",\"itemListElement\":[{\"@type\":\"ListItem\",\"position\":1,\"name\":\"Startseite\",\"item\":\"http:\/\/www.lk-foto.at\/\"},{\"@type\":\"ListItem\",\"position\":2,\"name\":\"Projekte\"}]},{\"@type\":\"WebSite\",\"@id\":\"http:\/\/www.lk-foto.at\/#website\",\"url\":\"http:\/\/www.lk-foto.at\/\",\"name\":\"Ludmilla Kemetm\u00fcller - Fotografie\",\"description\":\"\",\"publisher\":{\"@id\":\"http:\/\/www.lk-foto.at\/#\/schema\/person\/07856896f6e118bd417c8f15bf3fac2a\"},\"potentialAction\":[{\"@type\":\"SearchAction\",\"target\":{\"@type\":\"EntryPoint\",\"urlTemplate\":\"http:\/\/www.lk-foto.at\/?s={search_term_string}\"},\"query-input\":\"required name=search_term_string\"}],\"inLanguage\":\"en-US\"},{\"@type\":[\"Person\",\"Organization\"],\"@id\":\"http:\/\/www.lk-foto.at\/#\/schema\/person\/07856896f6e118bd417c8f15bf3fac2a\",\"name\":\"Ludmilla Kemetmueller\",\"logo\":{\"@id\":\"http:\/\/www.lk-foto.at\/#\/schema\/person\/image\/\"}}]}<\/script>\n<!-- \/ Yoast SEO plugin. -->","yoast_head_json":{"title":"Projekte - Ludmilla Kemetm\u00fcller - Fotografie","robots":{"index":"index","follow":"follow","max-snippet":"max-snippet:-1","max-image-preview":"max-image-preview:large","max-video-preview":"max-video-preview:-1"},"canonical":"http:\/\/www.lk-foto.at\/projekte\/","og_locale":"en_US","og_type":"article","og_title":"Projekte - Ludmilla Kemetm\u00fcller - Fotografie","og_url":"http:\/\/www.lk-foto.at\/projekte\/","og_site_name":"Ludmilla Kemetm\u00fcller - Fotografie","article_modified_time":"2022-01-15T12:24:18+00:00","og_image":[{"url":"http:\/\/www.lk-foto.at\/wp-content\/uploads\/72-Einladung-1527x1080.jpg"}],"twitter_card":"summary_large_image","twitter_misc":{"Est. reading time":"3 minutes"},"schema":{"@context":"https:\/\/schema.org","@graph":[{"@type":"WebPage","@id":"http:\/\/www.lk-foto.at\/projekte\/","url":"http:\/\/www.lk-foto.at\/projekte\/","name":"Projekte - Ludmilla Kemetm\u00fcller - Fotografie","isPartOf":{"@id":"http:\/\/www.lk-foto.at\/#website"},"primaryImageOfPage":{"@id":"http:\/\/www.lk-foto.at\/projekte\/#primaryimage"},"image":{"@id":"http:\/\/www.lk-foto.at\/projekte\/#primaryimage"},"thumbnailUrl":"http:\/\/www.lk-foto.at\/wp-content\/uploads\/72-Einladung-1527x1080.jpg","datePublished":"2019-01-14T12:25:25+00:00","dateModified":"2022-01-15T12:24:18+00:00","breadcrumb":{"@id":"http:\/\/www.lk-foto.at\/projekte\/#breadcrumb"},"inLanguage":"en-US","potentialAction":[{"@type":"ReadAction","target":["http:\/\/www.lk-foto.at\/projekte\/"]}]},{"@type":"ImageObject","inLanguage":"en-US","@id":"http:\/\/www.lk-foto.at\/projekte\/#primaryimage","url":"http:\/\/www.lk-foto.at\/wp-content\/uploads\/72-Einladung-1527x1080.jpg","contentUrl":"http:\/\/www.lk-foto.at\/wp-content\/uploads\/72-Einladung-1527x1080.jpg"},{"@type":"BreadcrumbList","@id":"http:\/\/www.lk-foto.at\/projekte\/#breadcrumb","itemListElement":[{"@type":"ListItem","position":1,"name":"Startseite","item":"http:\/\/www.lk-foto.at\/"},{"@type":"ListItem","position":2,"name":"Projekte"}]},{"@type":"WebSite","@id":"http:\/\/www.lk-foto.at\/#website","url":"http:\/\/www.lk-foto.at\/","name":"Ludmilla Kemetm\u00fcller - Fotografie","description":"","publisher":{"@id":"http:\/\/www.lk-foto.at\/#\/schema\/person\/07856896f6e118bd417c8f15bf3fac2a"},"potentialAction":[{"@type":"SearchAction","target":{"@type":"EntryPoint","urlTemplate":"http:\/\/www.lk-foto.at\/?s={search_term_string}"},"query-input":"required name=search_term_string"}],"inLanguage":"en-US"},{"@type":["Person","Organization"],"@id":"http:\/\/www.lk-foto.at\/#\/schema\/person\/07856896f6e118bd417c8f15bf3fac2a","name":"Ludmilla Kemetmueller","logo":{"@id":"http:\/\/www.lk-foto.at\/#\/schema\/person\/image\/"}}]}},"_links":{"self":[{"href":"http:\/\/www.lk-foto.at\/en\/wp-json\/wp\/v2\/pages\/15"}],"collection":[{"href":"http:\/\/www.lk-foto.at\/en\/wp-json\/wp\/v2\/pages"}],"about":[{"href":"http:\/\/www.lk-foto.at\/en\/wp-json\/wp\/v2\/types\/page"}],"author":[{"embeddable":true,"href":"http:\/\/www.lk-foto.at\/en\/wp-json\/wp\/v2\/users\/1"}],"replies":[{"embeddable":true,"href":"http:\/\/www.lk-foto.at\/en\/wp-json\/wp\/v2\/comments?post=15"}],"version-history":[{"count":0,"href":"http:\/\/www.lk-foto.at\/en\/wp-json\/wp\/v2\/pages\/15\/revisions"}],"wp:attachment":[{"href":"http:\/\/www.lk-foto.at\/en\/wp-json\/wp\/v2\/media?parent=15"}],"curies":[{"name":"wp","href":"https:\/\/api.w.org\/{rel}","templated":true}]}}