{"id":11,"date":"2019-01-14T13:08:57","date_gmt":"2019-01-14T12:08:57","guid":{"rendered":"http:\/\/www.lk-foto.at\/?page_id=11"},"modified":"2020-02-15T03:26:09","modified_gmt":"2020-02-15T02:26:09","slug":"startseite","status":"publish","type":"page","link":"http:\/\/www.lk-foto.at\/en\/","title":{"rendered":"Ludmilla Kemetm\u00fcller Fotografie"},"content":{"rendered":"\n<div style=\"height:65px\" aria-hidden=\"true\" class=\"wp-block-spacer\"><\/div>\n\n\n\n<h1 class=\"grau wp-block-heading\">Wenn man die Welt als eine B\u00fchne betrachtet, erz\u00e4hlen die Ereignisse auf dieser B\u00fchne Geschichte und Geschichten. Diese mache ich mit meiner Kamera sichtbar.<\/h1>\n\n\n\n<h1 class=\"hellgrau wp-block-heading\">When you look at the world as a stage, the events on that stage tell us history and stories.  I make them visible with my camera.<\/h1>\n\n\n\n<div style=\"height:30px\" aria-hidden=\"true\" class=\"wp-block-spacer\"><\/div>\n\n\n\n<div style=\"height:55px\" aria-hidden=\"true\" class=\"wp-block-spacer\"><\/div>\n","protected":false},"excerpt":{"rendered":"<p>Wenn man die Welt als eine B\u00fchne betrachtet, erz\u00e4hlen die Ereignisse auf dieser B\u00fchne Geschichte und Geschichten. Diese mache ich mit meiner Kamera sichtbar. When you look at the world as a stage, the events on that stage tell us history and stories. I make them visible with my camera.<\/p>\n","protected":false},"author":1,"featured_media":0,"parent":0,"menu_order":0,"comment_status":"closed","ping_status":"closed","template":"page-templates\/page_front-page.php","meta":{"footnotes":""},"translation":{"provider":"WPGlobus","version":"2.12.2","language":"en","enabled_languages":["de","en"],"languages":{"de":{"title":true,"content":true,"excerpt":false},"en":{"title":false,"content":false,"excerpt":false}}},"yoast_head":"<!-- This site is optimized with the Yoast SEO plugin v22.6 - https:\/\/yoast.com\/wordpress\/plugins\/seo\/ -->\n<title>Ludmilla Kemetm\u00fcller Fotografie<\/title>\n<meta name=\"robots\" content=\"index, follow, max-snippet:-1, max-image-preview:large, max-video-preview:-1\" \/>\n<link rel=\"canonical\" href=\"http:\/\/www.lk-foto.at\/\" \/>\n<meta property=\"og:locale\" content=\"en_US\" \/>\n<meta property=\"og:type\" content=\"article\" \/>\n<meta property=\"og:title\" content=\"Ludmilla Kemetm\u00fcller Fotografie - Ludmilla Kemetm\u00fcller - Fotografie\" \/>\n<meta property=\"og:url\" content=\"http:\/\/www.lk-foto.at\/\" \/>\n<meta property=\"og:site_name\" content=\"Ludmilla Kemetm\u00fcller - Fotografie\" \/>\n<meta property=\"article:modified_time\" content=\"2020-02-15T02:26:09+00:00\" \/>\n<meta name=\"twitter:card\" content=\"summary_large_image\" \/>\n<script type=\"application\/ld+json\" class=\"yoast-schema-graph\">{\"@context\":\"https:\/\/schema.org\",\"@graph\":[{\"@type\":\"WebPage\",\"@id\":\"http:\/\/www.lk-foto.at\/\",\"url\":\"http:\/\/www.lk-foto.at\/\",\"name\":\"Ludmilla Kemetm\u00fcller Fotografie\",\"isPartOf\":{\"@id\":\"http:\/\/www.lk-foto.at\/#website\"},\"datePublished\":\"2019-01-14T12:08:57+00:00\",\"dateModified\":\"2020-02-15T02:26:09+00:00\",\"description\":\"Fotografien von Ludmilla Kemetm\u00fcller aus Wien.\",\"breadcrumb\":{\"@id\":\"http:\/\/www.lk-foto.at\/#breadcrumb\"},\"inLanguage\":\"en-US\",\"potentialAction\":[{\"@type\":\"ReadAction\",\"target\":[\"http:\/\/www.lk-foto.at\/\"]}]},{\"@type\":\"BreadcrumbList\",\"@id\":\"http:\/\/www.lk-foto.at\/#breadcrumb\",\"itemListElement\":[{\"@type\":\"ListItem\",\"position\":1,\"name\":\"Startseite\",\"item\":\"http:\/\/www.lk-foto.at\/\"},{\"@type\":\"ListItem\",\"position\":2,\"name\":\"Ludmilla Kemetm\u00fcller Fotografie\"}]},{\"@type\":\"WebSite\",\"@id\":\"http:\/\/www.lk-foto.at\/#website\",\"url\":\"http:\/\/www.lk-foto.at\/\",\"name\":\"Ludmilla Kemetm\u00fcller - Fotografie\",\"description\":\"\",\"publisher\":{\"@id\":\"http:\/\/www.lk-foto.at\/#\/schema\/person\/07856896f6e118bd417c8f15bf3fac2a\"},\"potentialAction\":[{\"@type\":\"SearchAction\",\"target\":{\"@type\":\"EntryPoint\",\"urlTemplate\":\"http:\/\/www.lk-foto.at\/?s={search_term_string}\"},\"query-input\":\"required name=search_term_string\"}],\"inLanguage\":\"en-US\"},{\"@type\":[\"Person\",\"Organization\"],\"@id\":\"http:\/\/www.lk-foto.at\/#\/schema\/person\/07856896f6e118bd417c8f15bf3fac2a\",\"name\":\"Ludmilla Kemetmueller\",\"logo\":{\"@id\":\"http:\/\/www.lk-foto.at\/#\/schema\/person\/image\/\"}}]}<\/script>\n<!-- \/ Yoast SEO plugin. -->","yoast_head_json":{"title":"Ludmilla Kemetm\u00fcller Fotografie","robots":{"index":"index","follow":"follow","max-snippet":"max-snippet:-1","max-image-preview":"max-image-preview:large","max-video-preview":"max-video-preview:-1"},"canonical":"http:\/\/www.lk-foto.at\/","og_locale":"en_US","og_type":"article","og_title":"Ludmilla Kemetm\u00fcller Fotografie - Ludmilla Kemetm\u00fcller - Fotografie","og_url":"http:\/\/www.lk-foto.at\/","og_site_name":"Ludmilla Kemetm\u00fcller - Fotografie","article_modified_time":"2020-02-15T02:26:09+00:00","twitter_card":"summary_large_image","schema":{"@context":"https:\/\/schema.org","@graph":[{"@type":"WebPage","@id":"http:\/\/www.lk-foto.at\/","url":"http:\/\/www.lk-foto.at\/","name":"Ludmilla Kemetm\u00fcller Fotografie","isPartOf":{"@id":"http:\/\/www.lk-foto.at\/#website"},"datePublished":"2019-01-14T12:08:57+00:00","dateModified":"2020-02-15T02:26:09+00:00","description":"Fotografien von Ludmilla Kemetm\u00fcller aus Wien.","breadcrumb":{"@id":"http:\/\/www.lk-foto.at\/#breadcrumb"},"inLanguage":"en-US","potentialAction":[{"@type":"ReadAction","target":["http:\/\/www.lk-foto.at\/"]}]},{"@type":"BreadcrumbList","@id":"http:\/\/www.lk-foto.at\/#breadcrumb","itemListElement":[{"@type":"ListItem","position":1,"name":"Startseite","item":"http:\/\/www.lk-foto.at\/"},{"@type":"ListItem","position":2,"name":"Ludmilla Kemetm\u00fcller Fotografie"}]},{"@type":"WebSite","@id":"http:\/\/www.lk-foto.at\/#website","url":"http:\/\/www.lk-foto.at\/","name":"Ludmilla Kemetm\u00fcller - Fotografie","description":"","publisher":{"@id":"http:\/\/www.lk-foto.at\/#\/schema\/person\/07856896f6e118bd417c8f15bf3fac2a"},"potentialAction":[{"@type":"SearchAction","target":{"@type":"EntryPoint","urlTemplate":"http:\/\/www.lk-foto.at\/?s={search_term_string}"},"query-input":"required name=search_term_string"}],"inLanguage":"en-US"},{"@type":["Person","Organization"],"@id":"http:\/\/www.lk-foto.at\/#\/schema\/person\/07856896f6e118bd417c8f15bf3fac2a","name":"Ludmilla Kemetmueller","logo":{"@id":"http:\/\/www.lk-foto.at\/#\/schema\/person\/image\/"}}]}},"_links":{"self":[{"href":"http:\/\/www.lk-foto.at\/en\/wp-json\/wp\/v2\/pages\/11"}],"collection":[{"href":"http:\/\/www.lk-foto.at\/en\/wp-json\/wp\/v2\/pages"}],"about":[{"href":"http:\/\/www.lk-foto.at\/en\/wp-json\/wp\/v2\/types\/page"}],"author":[{"embeddable":true,"href":"http:\/\/www.lk-foto.at\/en\/wp-json\/wp\/v2\/users\/1"}],"replies":[{"embeddable":true,"href":"http:\/\/www.lk-foto.at\/en\/wp-json\/wp\/v2\/comments?post=11"}],"version-history":[{"count":0,"href":"http:\/\/www.lk-foto.at\/en\/wp-json\/wp\/v2\/pages\/11\/revisions"}],"wp:attachment":[{"href":"http:\/\/www.lk-foto.at\/en\/wp-json\/wp\/v2\/media?parent=11"}],"curies":[{"name":"wp","href":"https:\/\/api.w.org\/{rel}","templated":true}]}}